{"id":3,"date":"2025-03-25T12:58:08","date_gmt":"2025-03-25T12:58:08","guid":{"rendered":"https:\/\/hote.imo.tn\/1\/?page_id=3"},"modified":"2025-04-28T09:00:53","modified_gmt":"2025-04-28T08:00:53","slug":"privacy-policy","status":"publish","type":"page","link":"https:\/\/hote.imo.tn\/1\/privacy-policy\/","title":{"rendered":"Privacy Policy"},"content":{"rendered":"<div class=\"wpb-content-wrapper\"><p>[vc_row][vc_column][vc_column_text css=&#8221;&#8221;]<\/p>\n<p class=\"\" data-start=\"244\" data-end=\"281\"><strong data-start=\"244\" data-end=\"281\">Derni\u00e8re mise \u00e0 jour : avril 2025<\/strong><\/p>\n<p class=\"\" data-start=\"283\" data-end=\"552\">Merci de visiter notre site web. La confidentialit\u00e9 de vos informations personnelles est importante pour nous. Cette Politique de Confidentialit\u00e9 explique quelles donn\u00e9es nous collectons, comment nous les utilisons, et quels choix vous avez concernant vos informations.<\/p>\n<h2 class=\"\" data-start=\"554\" data-end=\"592\">1. Informations que nous collectons<\/h2>\n<p class=\"\" data-start=\"594\" data-end=\"648\">Nous pouvons collecter les types de donn\u00e9es suivants :<\/p>\n<ul data-start=\"649\" data-end=\"1016\">\n<li class=\"\" data-start=\"649\" data-end=\"727\">\n<p class=\"\" data-start=\"651\" data-end=\"727\">Informations personnelles : nom, pr\u00e9nom, adresse email, num\u00e9ro de t\u00e9l\u00e9phone.<\/p>\n<\/li>\n<li class=\"\" data-start=\"728\" data-end=\"828\">\n<p class=\"\" data-start=\"730\" data-end=\"828\">Informations techniques : adresse IP, type d&#8217;appareil, navigateur utilis\u00e9, syst\u00e8me d&#8217;exploitation.<\/p>\n<\/li>\n<li class=\"\" data-start=\"829\" data-end=\"917\">\n<p class=\"\" data-start=\"831\" data-end=\"917\">Informations de navigation : pages visit\u00e9es, temps pass\u00e9 sur le site, clics effectu\u00e9s.<\/p>\n<\/li>\n<li class=\"\" data-start=\"918\" data-end=\"1016\">\n<p class=\"\" data-start=\"920\" data-end=\"1016\">Informations provenant des cookies et technologies similaires (voir section Cookies ci-dessous).<\/p>\n<\/li>\n<\/ul>\n<h2 class=\"\" data-start=\"1018\" data-end=\"1055\">2. Utilisation de vos informations<\/h2>\n<p class=\"\" data-start=\"1057\" data-end=\"1095\">Nous utilisons vos informations pour :<\/p>\n<ul data-start=\"1096\" data-end=\"1314\">\n<li class=\"\" data-start=\"1096\" data-end=\"1161\">\n<p class=\"\" data-start=\"1098\" data-end=\"1161\">Fournir, exploiter et am\u00e9liorer notre site web et nos services.<\/p>\n<\/li>\n<li class=\"\" data-start=\"1162\" data-end=\"1223\">\n<p class=\"\" data-start=\"1164\" data-end=\"1223\">Vous contacter \u00e0 propos de votre compte ou de nos services.<\/p>\n<\/li>\n<li class=\"\" data-start=\"1224\" data-end=\"1269\">\n<p class=\"\" data-start=\"1226\" data-end=\"1269\">Personnaliser votre exp\u00e9rience utilisateur.<\/p>\n<\/li>\n<li class=\"\" data-start=\"1270\" data-end=\"1314\">\n<p class=\"\" data-start=\"1272\" data-end=\"1314\">Assurer la s\u00e9curit\u00e9 et pr\u00e9venir la fraude.<\/p>\n<\/li>\n<\/ul>\n<h2 class=\"\" data-start=\"1316\" data-end=\"1349\">3. Partage de vos informations<\/h2>\n<p class=\"\" data-start=\"1351\" data-end=\"1481\">Nous ne vendons ni ne louons vos informations personnelles \u00e0 des tiers.<br data-start=\"1422\" data-end=\"1425\" \/>Cependant, nous pouvons partager vos informations avec :<\/p>\n<ul data-start=\"1482\" data-end=\"1608\">\n<li class=\"\" data-start=\"1482\" data-end=\"1549\">\n<p class=\"\" data-start=\"1484\" data-end=\"1549\">Nos prestataires de services (h\u00e9bergement, maintenance, analyse).<\/p>\n<\/li>\n<li class=\"\" data-start=\"1550\" data-end=\"1608\">\n<p class=\"\" data-start=\"1552\" data-end=\"1608\">Les autorit\u00e9s l\u00e9gales lorsque cela est exig\u00e9 par la loi.<\/p>\n<\/li>\n<\/ul>\n<h2 class=\"\" data-start=\"1610\" data-end=\"1636\">4. S\u00e9curit\u00e9 des donn\u00e9es<\/h2>\n<p class=\"\" data-start=\"1638\" data-end=\"1787\">Nous mettons en \u0153uvre des mesures techniques et organisationnelles pour prot\u00e9ger vos donn\u00e9es contre l&#8217;acc\u00e8s non autoris\u00e9, la perte ou la destruction.<\/p>\n<h2 class=\"\" data-start=\"1789\" data-end=\"1805\">5. Vos droits<\/h2>\n<p class=\"\" data-start=\"1807\" data-end=\"1830\">Vous avez le droit de :<\/p>\n<ul data-start=\"1831\" data-end=\"2030\">\n<li class=\"\" data-start=\"1831\" data-end=\"1873\">\n<p class=\"\" data-start=\"1833\" data-end=\"1873\">Acc\u00e9der \u00e0 vos informations personnelles.<\/p>\n<\/li>\n<li class=\"\" data-start=\"1874\" data-end=\"1932\">\n<p class=\"\" data-start=\"1876\" data-end=\"1932\">Demander la correction ou la suppression de vos donn\u00e9es.<\/p>\n<\/li>\n<li class=\"\" data-start=\"1933\" data-end=\"1986\">\n<p class=\"\" data-start=\"1935\" data-end=\"1986\">Vous opposer \u00e0 certains traitements de vos donn\u00e9es.<\/p>\n<\/li>\n<li class=\"\" data-start=\"1987\" data-end=\"2030\">\n<p class=\"\" data-start=\"1989\" data-end=\"2030\">Retirer votre consentement \u00e0 tout moment.<\/p>\n<\/li>\n<\/ul>\n<p class=\"\" data-start=\"2032\" data-end=\"2174\">Pour exercer vos droits, veuillez nous contacter \u00e0 l&#8217;adresse email suivante : <strong data-start=\"2110\" data-end=\"2173\">[votre email de contact, par exemple : <a rel=\"noopener\">support@hote.imo.tn<\/a>]<\/strong>.<\/p>\n<h2 class=\"\" data-start=\"2176\" data-end=\"2189\">6. Cookies<\/h2>\n<p class=\"\" data-start=\"2191\" data-end=\"2224\">Nous utilisons des cookies pour :<\/p>\n<ul data-start=\"2225\" data-end=\"2398\">\n<li class=\"\" data-start=\"2225\" data-end=\"2257\">\n<p class=\"\" data-start=\"2227\" data-end=\"2257\">Authentifier les utilisateurs.<\/p>\n<\/li>\n<li class=\"\" data-start=\"2258\" data-end=\"2303\">\n<p class=\"\" data-start=\"2260\" data-end=\"2303\">M\u00e9moriser vos pr\u00e9f\u00e9rences (langue, r\u00e9gion).<\/p>\n<\/li>\n<li class=\"\" data-start=\"2304\" data-end=\"2356\">\n<p class=\"\" data-start=\"2306\" data-end=\"2356\">Analyser l&#8217;utilisation du site (Google Analytics).<\/p>\n<\/li>\n<li class=\"\" data-start=\"2357\" data-end=\"2398\">\n<p class=\"\" data-start=\"2359\" data-end=\"2398\">Diffuser des publicit\u00e9s personnalis\u00e9es.<\/p>\n<\/li>\n<\/ul>\n<p class=\"\" data-start=\"2400\" data-end=\"2619\">Vous pouvez configurer votre navigateur pour refuser tous les cookies ou pour \u00eatre averti lorsqu&#8217;un cookie est envoy\u00e9. Veuillez consulter la section aide de votre navigateur pour savoir comment modifier vos pr\u00e9f\u00e9rences.<\/p>\n<h2 class=\"\" data-start=\"2621\" data-end=\"2659\">7. Modifications de cette politique<\/h2>\n<p class=\"\" data-start=\"2661\" data-end=\"2827\">Nous nous r\u00e9servons le droit de modifier cette politique de confidentialit\u00e9 \u00e0 tout moment. Toute modification sera publi\u00e9e sur cette page avec la date de mise \u00e0 jour.<\/p>\n<h2 class=\"\" data-start=\"2829\" data-end=\"2842\">8. Contact<\/h2>\n<p class=\"\" data-start=\"2844\" data-end=\"2946\">Si vous avez des questions concernant cette politique de confidentialit\u00e9, vous pouvez nous contacter :<\/p>\n<ul data-start=\"2948\" data-end=\"3040\">\n<li class=\"\" data-start=\"2948\" data-end=\"2990\">\n<p class=\"\" data-start=\"2950\" data-end=\"2990\">Par email : hote@imo.tn<\/p>\n<\/li>\n<li class=\"\" data-start=\"2991\" data-end=\"3040\">\n<p class=\"\" data-start=\"2993\" data-end=\"3040\">Par t\u00e9l\u00e9phone : +216 97 94 34 47<\/p>\n<\/li>\n<\/ul>\n<p>[\/vc_column_text][\/vc_column][\/vc_row]<\/p>\n<\/div>","protected":false},"excerpt":{"rendered":"<p>[vc_row][vc_column][vc_column_text css=&#8221;&#8221;] Derni\u00e8re mise \u00e0 jour : avril 2025 Merci de visiter notre site web. La confidentialit\u00e9 de vos informations personnelles est importante pour nous. Cette Politique de Confidentialit\u00e9 explique quelles donn\u00e9es nous collectons, comment nous les utilisons, et quels choix vous avez concernant vos informations. 1. Informations que nous collectons Nous pouvons collecter les &#8230;<\/p>\n","protected":false},"author":1,"featured_media":0,"parent":0,"menu_order":0,"comment_status":"closed","ping_status":"open","template":"","meta":{"pagelayer_contact_templates":[],"_pagelayer_content":"","inline_featured_image":false,"footnotes":""},"class_list":["post-3","page","type-page","status-publish","hentry"],"_links":{"self":[{"href":"https:\/\/hote.imo.tn\/1\/wp-json\/wp\/v2\/pages\/3","targetHints":{"allow":["GET"]}}],"collection":[{"href":"https:\/\/hote.imo.tn\/1\/wp-json\/wp\/v2\/pages"}],"about":[{"href":"https:\/\/hote.imo.tn\/1\/wp-json\/wp\/v2\/types\/page"}],"author":[{"embeddable":true,"href":"https:\/\/hote.imo.tn\/1\/wp-json\/wp\/v2\/users\/1"}],"replies":[{"embeddable":true,"href":"https:\/\/hote.imo.tn\/1\/wp-json\/wp\/v2\/comments?post=3"}],"version-history":[{"count":3,"href":"https:\/\/hote.imo.tn\/1\/wp-json\/wp\/v2\/pages\/3\/revisions"}],"predecessor-version":[{"id":36804,"href":"https:\/\/hote.imo.tn\/1\/wp-json\/wp\/v2\/pages\/3\/revisions\/36804"}],"wp:attachment":[{"href":"https:\/\/hote.imo.tn\/1\/wp-json\/wp\/v2\/media?parent=3"}],"curies":[{"name":"wp","href":"https:\/\/api.w.org\/{rel}","templated":true}]}}